{"id":292,"date":"2021-09-12T19:53:12","date_gmt":"2021-09-13T00:53:12","guid":{"rendered":"https:\/\/ametoco.bndesigns.net\/?page_id=292"},"modified":"2021-10-31T11:43:53","modified_gmt":"2021-10-31T16:43:53","slug":"news","status":"publish","type":"page","link":"https:\/\/ametoco.org\/fr\/news\/","title":{"rendered":"Nouvelles"},"content":{"rendered":"<p>Dans le cadre de son projet de d\u00e9veloppement et de recherche sur une \u00e9ducation de qualit\u00e9 pour tous, la communaut\u00e9 togolaise en Am\u00e9rique (AMETOCO) et l&#039;ONG Leapingstone bas\u00e9e \u00e0 Los Angeles en Californie, ont effectu\u00e9 un voyage d&#039;\u00e9tude au Togo, dans le village de Dedeke ; le but de ce voyage \u00e9tant d&#039;am\u00e9liorer l&#039;\u00e9ducation de base des enfants des campagnes.<\/p>\n\n\t\t\t<style type='text\/css'>\n\t\t\t\t#sc_gallery-1 {\n\t\t\t\t\tmargin: auto;\n\t\t\t\t}\n\t\t\t\t#sc_gallery-1 .gallery-item {\n\t\t\t\t\tfloat: left;\n\t\t\t\t\ttext-align: center;\n\t\t\t\t\twidth: 33.33%;\n\t\t\t\t}\n\t\t\t\t#sc_gallery-1 img {\n\t\t\t\t\tborder: 2px solid #cfcfcf;\n\t\t\t\t}\n\t\t\t\t\/* see sc_gallery() in functions\/theme-shortcodes.php *\/\n\t\t\t<\/style>\n\t\t<div id='sc_gallery-1' class='gallery galleryid-292 gallery-columns-3 gallery-size-medium none element_classes gallery-default'><dl class='gallery-item'  data-title='forage2' data-description=''><div class='gallery-item-wrapper'>\n\t\t\t\t<dt class='gallery-icon landscape'>\n\t\t\t\t\t<img loading=\"lazy\" decoding=\"async\" width=\"300\" height=\"225\" src=\"https:\/\/ametoco.org\/wp-content\/uploads\/2021\/10\/forage2.jpg\" class=\"attachment-medium size-medium\" alt=\"\" srcset=\"https:\/\/ametoco.org\/wp-content\/uploads\/2021\/10\/forage2.jpg 392w, https:\/\/ametoco.org\/wp-content\/uploads\/2021\/10\/forage2-100x75.jpg 100w, https:\/\/ametoco.org\/wp-content\/uploads\/2021\/10\/forage2-16x12.jpg 16w\" sizes=\"auto, (max-width:767px) 300px, 300px\" \/>\n\t\t\t\t<\/dt><\/div><\/dl><dl class='gallery-item'  data-title='forage4' data-description=''><div class='gallery-item-wrapper'>\n\t\t\t\t<dt class='gallery-icon landscape'>\n\t\t\t\t\t<img loading=\"lazy\" decoding=\"async\" width=\"300\" height=\"225\" src=\"https:\/\/ametoco.org\/wp-content\/uploads\/2021\/10\/forage4.jpg\" class=\"attachment-medium size-medium\" alt=\"\" srcset=\"https:\/\/ametoco.org\/wp-content\/uploads\/2021\/10\/forage4.jpg 400w, https:\/\/ametoco.org\/wp-content\/uploads\/2021\/10\/forage4-100x75.jpg 100w, https:\/\/ametoco.org\/wp-content\/uploads\/2021\/10\/forage4-16x12.jpg 16w\" sizes=\"auto, (max-width:767px) 300px, 300px\" \/>\n\t\t\t\t<\/dt><\/div><\/dl><dl class='gallery-item'  data-title='dedeke1' data-description=''><div class='gallery-item-wrapper'>\n\t\t\t\t<dt class='gallery-icon landscape'>\n\t\t\t\t\t<img loading=\"lazy\" decoding=\"async\" width=\"300\" height=\"215\" src=\"https:\/\/ametoco.org\/wp-content\/uploads\/2021\/10\/dedeke1.jpg\" class=\"attachment-medium size-medium\" alt=\"\" srcset=\"https:\/\/ametoco.org\/wp-content\/uploads\/2021\/10\/dedeke1.jpg 402w, https:\/\/ametoco.org\/wp-content\/uploads\/2021\/10\/dedeke1-105x75.jpg 105w, https:\/\/ametoco.org\/wp-content\/uploads\/2021\/10\/dedeke1-18x12.jpg 18w\" sizes=\"auto, (max-width:767px) 300px, 300px\" \/>\n\t\t\t\t<\/dt><\/div><\/dl><br style=\"clear: both\" \/>\n\t\t\t<\/div>\n\n<p>&nbsp;<\/p>","protected":false},"excerpt":{"rendered":"<p>As part of its development and research project on quality education for all, the Togolese community in America (AMETOCO) and the Leapingstone NGO based in Los<span class=\"excerpt-hellip\"> [\u2026]<\/span><\/p>\n","protected":false},"author":1,"featured_media":0,"parent":0,"menu_order":0,"comment_status":"closed","ping_status":"closed","template":"","meta":{"footnotes":""},"class_list":["post-292","page","type-page","status-publish","hentry"],"_links":{"self":[{"href":"https:\/\/ametoco.org\/fr\/wp-json\/wp\/v2\/pages\/292","targetHints":{"allow":["GET"]}}],"collection":[{"href":"https:\/\/ametoco.org\/fr\/wp-json\/wp\/v2\/pages"}],"about":[{"href":"https:\/\/ametoco.org\/fr\/wp-json\/wp\/v2\/types\/page"}],"author":[{"embeddable":true,"href":"https:\/\/ametoco.org\/fr\/wp-json\/wp\/v2\/users\/1"}],"replies":[{"embeddable":true,"href":"https:\/\/ametoco.org\/fr\/wp-json\/wp\/v2\/comments?post=292"}],"version-history":[{"count":0,"href":"https:\/\/ametoco.org\/fr\/wp-json\/wp\/v2\/pages\/292\/revisions"}],"wp:attachment":[{"href":"https:\/\/ametoco.org\/fr\/wp-json\/wp\/v2\/media?parent=292"}],"curies":[{"name":"wp","href":"https:\/\/api.w.org\/{rel}","templated":true}]}}