{"id":279,"date":"2021-09-12T19:45:56","date_gmt":"2021-09-13T00:45:56","guid":{"rendered":"https:\/\/ametoco.bndesigns.net\/?page_id=279"},"modified":"2021-09-21T11:38:28","modified_gmt":"2021-09-21T16:38:28","slug":"immigration","status":"publish","type":"page","link":"https:\/\/ametoco.org\/fr\/immigration\/","title":{"rendered":"Immigration"},"content":{"rendered":"<h3>Services et prestations d&#039;immigration<\/h3>\n<p style=\"text-align: center;\"><strong>1-800-375-5283<\/strong><br \/>\n<strong>1-800-767-1833 (ATS<\/strong>)<\/p>\n<p class=\"style2\">Les services et prestations d&#039;immigration fournissent des informations sur les services fournis par l&#039;USCIS aux demandeurs, aux requ\u00e9rants, aux repr\u00e9sentants autoris\u00e9s, aux organisations communautaires et au grand public.<\/p>\n<p class=\"style2\">Parmi les avantages de l&#039;immigration supervis\u00e9s par l&#039;USCIS figurent la citoyennet\u00e9, la r\u00e9sidence permanente l\u00e9gale, l&#039;immigration li\u00e9e \u00e0 la famille et \u00e0 l&#039;emploi, l&#039;autorisation de travail, les adoptions internationales, le statut d&#039;asile et de r\u00e9fugi\u00e9, les documents d&#039;immigration de remplacement et l&#039;autorisation d&#039;\u00e9tudiant \u00e9tranger.<\/p>\n<p class=\"style2\">En plus d&#039;administrer les programmes qui offrent ces avantages, nous travaillons \u00e9galement pour r\u00e9pondre aux questions et trouver des solutions aux probl\u00e8mes port\u00e9s \u00e0 notre attention par le public, des groupes d&#039;int\u00e9r\u00eats sp\u00e9ciaux, d&#039;autres agences gouvernementales et le Congr\u00e8s am\u00e9ricain concernant les probl\u00e8mes d&#039;immigration.<\/p>\n<p class=\"style2\">Pour plus d&#039;informations sur une prestation ou un service d&#039;immigration particulier, veuillez s\u00e9lectionner le bouton appropri\u00e9 dans le menu \u00e0 votre gauche.<a href=\"http:\/\/www.uscis.gov\/portal\/site\/uscis\/menuitem.eb1d4c2a3e5b9ac89243c6a7543f6d1a\/?vgnextoid=54519c7755cb9010VgnVCM10000045f3d6a1RCRD&amp;vgnextchannel=54519c7755cb9010VgnVCM10000045f3d6a1RCRD\" target=\"_blank\" rel=\"noopener noreferrer nofollow\">\u00a0Plus de nouvelles<\/a><\/p>\n<p class=\"style2\">Vous pouvez \u00e9galement<a href=\"mailto:info@ametoco.com?subject=sent%20from%20AMETOCO%20website\">\u00a0e-mail<\/a>\u00a0nous.<\/p>\n<p>&nbsp;<\/p>\n<hr class=\"no_line\" style=\"margin: 0 auto 100px auto\"\/>","protected":false},"excerpt":{"rendered":"<p>Immigration Services and Benefits 1-800-375-5283 1-800-767-1833 (TTY) The Immigration Services and Benefits provides information on the services provided by USCIS to applicants, petitioners, authorized representatives, community-based<span class=\"excerpt-hellip\"> [\u2026]<\/span><\/p>\n","protected":false},"author":1,"featured_media":0,"parent":0,"menu_order":0,"comment_status":"closed","ping_status":"closed","template":"","meta":{"footnotes":""},"class_list":["post-279","page","type-page","status-publish","hentry"],"_links":{"self":[{"href":"https:\/\/ametoco.org\/fr\/wp-json\/wp\/v2\/pages\/279","targetHints":{"allow":["GET"]}}],"collection":[{"href":"https:\/\/ametoco.org\/fr\/wp-json\/wp\/v2\/pages"}],"about":[{"href":"https:\/\/ametoco.org\/fr\/wp-json\/wp\/v2\/types\/page"}],"author":[{"embeddable":true,"href":"https:\/\/ametoco.org\/fr\/wp-json\/wp\/v2\/users\/1"}],"replies":[{"embeddable":true,"href":"https:\/\/ametoco.org\/fr\/wp-json\/wp\/v2\/comments?post=279"}],"version-history":[{"count":0,"href":"https:\/\/ametoco.org\/fr\/wp-json\/wp\/v2\/pages\/279\/revisions"}],"wp:attachment":[{"href":"https:\/\/ametoco.org\/fr\/wp-json\/wp\/v2\/media?parent=279"}],"curies":[{"name":"wp","href":"https:\/\/api.w.org\/{rel}","templated":true}]}}