{"id":271,"date":"2021-09-12T19:43:21","date_gmt":"2021-09-13T00:43:21","guid":{"rendered":"https:\/\/ametoco.bndesigns.net\/?page_id=271"},"modified":"2021-09-21T11:25:42","modified_gmt":"2021-09-21T16:25:42","slug":"education","status":"publish","type":"page","link":"https:\/\/ametoco.org\/fr\/education\/","title":{"rendered":"\u00c9ducation"},"content":{"rendered":"<p>Nous vous recommandons d&#039;aller \u00e0 <a title=\"Guides d&#039;\u00e9ducation aux \u00c9tats-Unis\" href=\"https:\/\/educationusa.state.gov\/\" target=\"_blank\" rel=\"noopener noreferrer nofollow\">Guides d&#039;\u00e9ducation aux \u00c9tats-Unis<\/a>, un service d&#039;enseignement coll\u00e9gial am\u00e9ricain offrant des informations pour aider les \u00e9tudiants internationaux \u00e0 \u00e9tudier \u00e0 l&#039;\u00e9tranger aux \u00c9tats-Unis. Sur ce site, vous pouvez :<\/p>\n<ul>\n<li class=\"style2\">Recherche d&#039;universit\u00e9s et de coll\u00e8ges aux \u00c9tats-Unis<\/li>\n<li class=\"style2\">Obtenez des informations pr\u00e9cieuses sur la pr\u00e9paration au test TOEFL en ligne<\/li>\n<li class=\"style2\">D\u00e9couvrez des informations sur le programme et les cours d&#039;anglais langue seconde (ALS)<\/li>\n<li class=\"style2\">En savoir plus sur les \u00c9tats-Unis en tant que destination d&#039;\u00e9tudes \u00e0 l&#039;\u00e9tranger.<\/li>\n<li class=\"style2\">Lisez les r\u00e9cits \u00e9crits par d&#039;autres \u00e9tudiants de votre r\u00e9gion qui \u00e9tudient aux \u00c9tats-Unis<\/li>\n<li class=\"style2\">D\u00e9couvrez les programmes passionnants que les coll\u00e8ges et universit\u00e9s des \u00c9tats-Unis ont \u00e0 offrir aux \u00e9tudiants internationaux.<\/li>\n<\/ul>\n<p class=\"style2\">Assurez-vous de demander les informations d&#039;admission aux \u00e9coles am\u00e9ricaines qui vous int\u00e9ressent le plus.<\/p>\n<p class=\"style2\">Vous pouvez \u00e9galement\u00a0<a href=\"mailto:info@ametoco.com?subject=sent%20from%20AMETOCO%20website\">e-mail<\/a>\u00a0nous.<\/p>\n<hr class=\"\" style=\"margin:0 auto 100px;\"\/>","protected":false},"excerpt":{"rendered":"<p>We recommend you go to U.S. Education Guides, an American college education service offering information to help international students study abroad in the United States. At<span class=\"excerpt-hellip\"> [\u2026]<\/span><\/p>\n","protected":false},"author":1,"featured_media":0,"parent":0,"menu_order":0,"comment_status":"closed","ping_status":"closed","template":"","meta":{"footnotes":""},"class_list":["post-271","page","type-page","status-publish","hentry"],"_links":{"self":[{"href":"https:\/\/ametoco.org\/fr\/wp-json\/wp\/v2\/pages\/271","targetHints":{"allow":["GET"]}}],"collection":[{"href":"https:\/\/ametoco.org\/fr\/wp-json\/wp\/v2\/pages"}],"about":[{"href":"https:\/\/ametoco.org\/fr\/wp-json\/wp\/v2\/types\/page"}],"author":[{"embeddable":true,"href":"https:\/\/ametoco.org\/fr\/wp-json\/wp\/v2\/users\/1"}],"replies":[{"embeddable":true,"href":"https:\/\/ametoco.org\/fr\/wp-json\/wp\/v2\/comments?post=271"}],"version-history":[{"count":0,"href":"https:\/\/ametoco.org\/fr\/wp-json\/wp\/v2\/pages\/271\/revisions"}],"wp:attachment":[{"href":"https:\/\/ametoco.org\/fr\/wp-json\/wp\/v2\/media?parent=271"}],"curies":[{"name":"wp","href":"https:\/\/api.w.org\/{rel}","templated":true}]}}