{"id":242,"date":"2021-09-12T16:50:05","date_gmt":"2021-09-12T21:50:05","guid":{"rendered":"https:\/\/ametoco.bndesigns.net\/donation-failed\/"},"modified":"2021-09-12T16:50:05","modified_gmt":"2021-09-12T21:50:05","slug":"donation-failed","status":"publish","type":"page","link":"https:\/\/ametoco.org\/fr\/donation-failed\/","title":{"rendered":"\u00c9chec du don"},"content":{"rendered":"<p>Nous sommes d\u00e9sol\u00e9s, votre don n&#039;a pas pu \u00eatre trait\u00e9. Veuillez r\u00e9essayer ou contacter l&#039;assistance du site.<\/p>","protected":false},"excerpt":{"rendered":"<p>Nous sommes d\u00e9sol\u00e9s, votre don n&#039;a pas pu \u00eatre trait\u00e9. Veuillez r\u00e9essayer ou contacter l&#039;assistance du site.<\/p>","protected":false},"author":1,"featured_media":0,"parent":0,"menu_order":0,"comment_status":"closed","ping_status":"closed","template":"","meta":{"footnotes":""},"class_list":["post-242","page","type-page","status-publish","hentry"],"_links":{"self":[{"href":"https:\/\/ametoco.org\/fr\/wp-json\/wp\/v2\/pages\/242","targetHints":{"allow":["GET"]}}],"collection":[{"href":"https:\/\/ametoco.org\/fr\/wp-json\/wp\/v2\/pages"}],"about":[{"href":"https:\/\/ametoco.org\/fr\/wp-json\/wp\/v2\/types\/page"}],"author":[{"embeddable":true,"href":"https:\/\/ametoco.org\/fr\/wp-json\/wp\/v2\/users\/1"}],"replies":[{"embeddable":true,"href":"https:\/\/ametoco.org\/fr\/wp-json\/wp\/v2\/comments?post=242"}],"version-history":[{"count":0,"href":"https:\/\/ametoco.org\/fr\/wp-json\/wp\/v2\/pages\/242\/revisions"}],"wp:attachment":[{"href":"https:\/\/ametoco.org\/fr\/wp-json\/wp\/v2\/media?parent=242"}],"curies":[{"name":"wp","href":"https:\/\/api.w.org\/{rel}","templated":true}]}}